{"id":2063,"date":"2010-07-23T17:01:51","date_gmt":"2010-07-23T11:31:51","guid":{"rendered":"https:\/\/www.moneyworks4me.com\/investmentshastra\/?page_id=2063"},"modified":"2020-10-22T13:03:27","modified_gmt":"2020-10-22T07:33:27","slug":"company-shastra-13","status":"publish","type":"page","link":"https:\/\/www.moneyworks4me.com\/investmentshastra\/company-shastra-13\/","title":{"rendered":"Company Shastra"},"content":{"rendered":"<h1>Shree Renuka Sugars Ltd.- Is it a sweet deal for the future?<\/h1>\n<p><img decoding=\"async\" loading=\"lazy\" class=\"aligncenter size-full wp-image-2078\" title=\"financialsShree Renuka Sugars\" src=\"https:\/\/www.moneyworks4me.com\/investmentshastra\/wp-content\/uploads\/2010\/07\/financialsShree-Renuka-Sugars2.png\" alt=\"\" width=\"862\" height=\"471\" srcset=\"https:\/\/www.moneyworks4me.com\/investmentshastra\/wp-content\/uploads\/2010\/07\/financialsShree-Renuka-Sugars2.png 862w, https:\/\/www.moneyworks4me.com\/investmentshastra\/wp-content\/uploads\/2010\/07\/financialsShree-Renuka-Sugars2-300x163.png 300w\" sizes=\"(max-width: 862px) 100vw, 862px\"><\/p>\n<h2 style=\"text-align: justify;\"><strong>Shree Renuka\u2019s 10 YEAR X-RAY:<\/strong><strong> <span style=\"color: #00cc33;\">G<\/span><\/strong><span style=\"color: #00cc33;\"><strong>reen (Very Good)*<\/strong><\/span><\/h2>\n<h2 style=\"text-align: center;\"><img decoding=\"async\" loading=\"lazy\" class=\"aligncenter size-full wp-image-2091\" title=\"Shree Renuka Sugars_3\" src=\"https:\/\/www.moneyworks4me.com\/investmentshastra\/wp-content\/uploads\/2010\/07\/Shree-Renuka-Sugars_32.png\" alt=\"\" width=\"651\" height=\"134\" srcset=\"https:\/\/www.moneyworks4me.com\/investmentshastra\/wp-content\/uploads\/2010\/07\/Shree-Renuka-Sugars_32.png 651w, https:\/\/www.moneyworks4me.com\/investmentshastra\/wp-content\/uploads\/2010\/07\/Shree-Renuka-Sugars_32-300x61.png 300w\" sizes=\"(max-width: 651px) 100vw, 651px\"><\/h2>\n<p style=\"text-align: justify;\"><span style=\"color: #000000;\">*<\/span>Shree Renuka Sugars has a debt of around Rs. 1300 Cr. on a standalone basis for SY 2008-09 (SY- Sugar Year i.e October to September) . The high debt is on account of capital expansion projects undertaken by the company, specifically for construction of a refinery in Mundra SEZ. The Debt to Net Profit ratio is expected to come down significantly because of bumper profits in the first two quarters of SY 2009-10. However, on a consolidated basis, Shree Renuka\u2019s debt is expected to increase considerably as the company has assumed the debt of two companies it has acquired in Brazil. This could be a cause of concern in the long term<\/p>\n<h2><strong>Shree Renuka Sugars, in brief <\/strong><\/h2>\n<p style=\"text-align: justify;\">Shree Renuka Sugars Ltd. (SRSL) is the largest private sector sugar manufacturer in Western\/Southern India. It is one of the first sugar mills to significantly forward integrate into alcohol (using molasses, a by-product of sugar) and power (based on bagasse). It is the second largest exporter of sugar from India with a presence in the Middle East, South East Asia and East Africa. It exports almost 20% of India&#8217;s international sugar trade. The company directly markets sugar to institutional buyers instead of selling to wholesale agents and dealers. SRSL sells premium refined sugar and is a sugar &#8216;supplier of choice&#8217; amongst companies that produce carbonated soft drinks, fruit juices, chocolates, baby foods and dairy products. Its clients include Coca Cola, Pepsi, ITC, Britannia, Nestle and Cadbury, among others. It has been promoted by the Murkumbi family, The operations of the company are as shown below:<\/p>\n<p style=\"text-align: center;\"><img decoding=\"async\" loading=\"lazy\" class=\"aligncenter size-full wp-image-2067\" title=\"chart\" src=\"https:\/\/www.moneyworks4me.com\/investmentshastra\/wp-content\/uploads\/2010\/07\/chart1.png\" alt=\"\" width=\"800\" height=\"346\" srcset=\"https:\/\/www.moneyworks4me.com\/investmentshastra\/wp-content\/uploads\/2010\/07\/chart1.png 800w, https:\/\/www.moneyworks4me.com\/investmentshastra\/wp-content\/uploads\/2010\/07\/chart1-300x129.png 300w\" sizes=\"(max-width: 800px) 100vw, 800px\"><\/p>\n<h2 style=\"text-align: justify;\"><strong>What does Shree Renuka\u2019s past say?<\/strong><\/h2>\n<p style=\"text-align: center;\"><img decoding=\"async\" loading=\"lazy\" class=\"aligncenter size-full wp-image-2068\" title=\"Shree Renuka Sugars chart _7(fin)\" src=\"https:\/\/www.moneyworks4me.com\/investmentshastra\/wp-content\/uploads\/2010\/07\/Shree-Renuka-Sugars-chart-_7fin.png\" alt=\"\" width=\"640\" height=\"648\" srcset=\"https:\/\/www.moneyworks4me.com\/investmentshastra\/wp-content\/uploads\/2010\/07\/Shree-Renuka-Sugars-chart-_7fin.png 640w, https:\/\/www.moneyworks4me.com\/investmentshastra\/wp-content\/uploads\/2010\/07\/Shree-Renuka-Sugars-chart-_7fin-296x300.png 296w\" sizes=\"(max-width: 640px) 100vw, 640px\"><\/p>\n<p>*SY 2009-Sugar Year 2009 i.e. Oct&#8217;08 to Sept&#8217;09<\/p>\n<p style=\"text-align: justify;\">The 10 YEAR X-RAY of SRSL indicates that the financial performance of the company has been very good. Net Sales of the company has grown consistently (9 Year CAGR 77.91%), except in SY 2004 and SY 2007 when there was a drop in the growth. The EPS growth has also been consistent and the company has managed to record impressive figures inspite of the cyclical nature of the industry. The company\u2019s book value per share has also increased considerably over the years at a CAGR of 57%. Return on Invested Capital has also been good indicating the efficiency of management of funds. However, the ROIC figures have decreased a bit in the last few years. The Debt to Net Profit ratio is 9.10 is high due to the debt taken for capital expansion projects. However, this is expected to improve for the next year.<br \/>\nHence, considering all these factors, the 10 YEAR X-RAY of SRSL is <strong><span style=\"color: #00cc33;\">Green (Very Good)<\/span><\/strong><\/p>\n<h2><strong>What is Shree Renuka\u2019s Short-term Outlook?<\/strong><\/h2>\n<p><strong><img decoding=\"async\" loading=\"lazy\" class=\"alignleft size-full wp-image-2069\" title=\"Shree Renuka Sugars_5(final)\" src=\"https:\/\/www.moneyworks4me.com\/investmentshastra\/wp-content\/uploads\/2010\/07\/Shree-Renuka-Sugars_5final.png\" alt=\"\" width=\"426\" height=\"505\" srcset=\"https:\/\/www.moneyworks4me.com\/investmentshastra\/wp-content\/uploads\/2010\/07\/Shree-Renuka-Sugars_5final.png 426w, https:\/\/www.moneyworks4me.com\/investmentshastra\/wp-content\/uploads\/2010\/07\/Shree-Renuka-Sugars_5final-253x300.png 253w\" sizes=\"(max-width: 426px) 100vw, 426px\"><\/strong><\/p>\n<p style=\"text-align: justify;\">\u2022\u00a0\u00a0 \u00a0SRSL is setting up a 3,000 TPD port-based sugar refinery at a cost of Rs.4.5 bn in the Mundra SEZ in Gujarat; it is expected to be commissioned in a few months<\/p>\n<p style=\"text-align: justify;\">\u2022\u00a0\u00a0 \u00a0Ethanol capacity expected to go up to 1200 KLPD in 2011 from current 930 KLPD whereas sugar refining expected to increase to 9000 TPD from current 6000 TPD. Co-generation capacity expected to go up to 233 MW with an estimated surplus of 135 MW by 2011<\/p>\n<p style=\"text-align: justify;\">\u2022\u00a0\u00a0 \u00a0Sugar prices have corrected considerably over the last few months after record highs seen in January 2010. This correction was due to expectations of high production of sugar for the current sugar season. Going forward, global sugar prices are expected to remain steady at current levels, while ethanol prices are also likely to stay firm. This should prove helpful for Renuka<\/p>\n<p style=\"text-align: justify;\">Hence, we can expect the short-term outlook of Shree Renuka Sugars Ltd. to be <strong><span style=\"color: #00cc33;\">Green (Very Good)<\/span><\/strong><\/p>\n<h2 style=\"text-align: justify;\"><strong>What is Shree Renuka\u2019s Long-term Outlook?<\/strong><\/h2>\n<p style=\"text-align: justify;\"><span style=\"text-decoration: underline;\"><strong>Shree Renuka Sugar\u2019s de-risked and unique business model the key:<\/strong><\/span><\/p>\n<p style=\"text-align: justify;\"><span style=\"text-decoration: underline;\"><strong><img decoding=\"async\" loading=\"lazy\" class=\"alignleft size-full wp-image-2070\" title=\"Other advantages\" src=\"https:\/\/www.moneyworks4me.com\/investmentshastra\/wp-content\/uploads\/2010\/07\/Other-advantages.png\" alt=\"\" width=\"426\" height=\"252\" srcset=\"https:\/\/www.moneyworks4me.com\/investmentshastra\/wp-content\/uploads\/2010\/07\/Other-advantages.png 426w, https:\/\/www.moneyworks4me.com\/investmentshastra\/wp-content\/uploads\/2010\/07\/Other-advantages-300x177.png 300w\" sizes=\"(max-width: 426px) 100vw, 426px\"><\/strong><\/span><\/p>\n<p style=\"text-align: justify;\">SRSL was one of the first players in the industry who invested in raw sugar refining capacities and diversified into ethanol production. It is also the first player to acquire sugar units in Brazil thus ensuring adequate supply of raw material. This flexibility in raw material sourcing is the key considering the limitation in sugar cane availability. The company has raw sugar refinery capacity of 6,000 TPD (to be increased to 9000 TPD) which helps to convert raw sugar into white sugar, which the company can sell in domestic or international market depending on the economies. The refining capacity helps the company to benefit from the opportunities arising due to the cyclical nature of the industry. The raw sugar has advantage over white sugar in storage and transportation. The favorable policy in importing the raw sugar through an advance license as compared to 60% duty on importing white sugar also helps the refining business. The company can adopt different strategies to improve the profitability<\/p>\n<p style=\"text-align: justify;\"><strong>Deficit in domestic market \u2013 Import raw sugar and sell refined white sugar in domestic market<\/strong><\/p>\n<p style=\"text-align: justify;\"><strong>Surplus in domestic market \u2013 Buy raw sugar and sell refined white sugar in international markets<\/strong><\/p>\n<p style=\"text-align: justify;\">The company can also shift production from sugar to alcohol depending on which product offers better profitability especially in Brazil<\/p>\n<p style=\"text-align: justify;\"><span style=\"text-decoration: underline;\"><strong>Foray into Brazil through acquisitions:<\/strong><\/span><\/p>\n<p style=\"text-align: justify;\">Since, its inception SRSL has been focusing on de-risking itself from the inherent cyclicality of the sugar industry. As a part of this, SRSL has become the first company to foray into Brazil, the world\u2019s largest producer of sugar cane. Sugar\/ethanol sector in Brazil has low operating cost, high scalability and highly conducive climatic conditions. The major intention behind foraying into Brazil is to improve access to supply of raw material. SRSL has completed two acquisitions in Brazil over the last year viz. Vale Do Ivai S.A Acucar E Alcool (VDI) and Equipav S.A. A\u00e7\u00facar e \u00c1lcool (Equipav) (See table for details). This has given SRSL an important foothold in the world\u2019s largest sugar exporting market. Besides giving a secure source of raw sugar for its India refineries, it has also made SRSL one of the largest players in Brazil. The company has also derived significant logistical advantages from these acquisitions<\/p>\n<p style=\"text-align: center;\"><img decoding=\"async\" loading=\"lazy\" class=\"aligncenter size-full wp-image-2071\" title=\"Shree Renuka Sugars table _\" src=\"https:\/\/www.moneyworks4me.com\/investmentshastra\/wp-content\/uploads\/2010\/07\/Shree-Renuka-Sugars-table-_.png\" alt=\"\" width=\"872\" height=\"664\" srcset=\"https:\/\/www.moneyworks4me.com\/investmentshastra\/wp-content\/uploads\/2010\/07\/Shree-Renuka-Sugars-table-_.png 872w, https:\/\/www.moneyworks4me.com\/investmentshastra\/wp-content\/uploads\/2010\/07\/Shree-Renuka-Sugars-table-_-300x228.png 300w\" sizes=\"(max-width: 872px) 100vw, 872px\"><\/p>\n<p style=\"text-align: justify;\"><span style=\"text-decoration: underline;\"><strong>BOOT model in power:<\/strong><\/span><\/p>\n<p style=\"text-align: justify;\">SRSL is planning to exploit potential for the development and growth of power generation using bagasse. The company is setting up Built Own Operate and Transfer (BOOT) cogeneration power projects in partnership with co-operatives with 2,500 TCD and above cane crushing capacity. All the financial investment will be made by SRSL. The co-operative sugar mills will supply the plant\u2019s entire bagasse needs free of cost to SRSL and SRSL will provide power needed to run the sugar factory free of cost. SRSL will be able to sell the excess electricity generated from the co-generation unit to the grid. The company has recently commissioned first BOOT basis of 30 MWH capacity with 25 MWH of exportable surplus power at Ichalkaranji, Maharashtra for a period of 20 years. It is also implementing another 24 MW capacity project in Satara, Maharashtra which is likely to be commissioned in 2011. The management has estimated the total co-generation potential of ~ 1,000 MW in the co-operative sector. The company is looking for more projects in BOOT format over next three to four years<\/p>\n<p style=\"text-align: justify;\"><span style=\"text-decoration: underline;\"><strong>Talks about the Government deregulating the sugar industry:<\/strong><\/span><\/p>\n<p style=\"text-align: justify;\">After the deregulation of the petroleum industry, the Government is now considering the deregulation of the Sugar industry as well. India&#8217;s Food and Agriculture minister, Sharad Pawar, has recently talked about the need of decontrolling the sugar sector. As of now, the Agriculture ministry allocates the monthly quotas to the mills, according to which the mills sell their produce in the open market, as well as through ration shops. The Government also claims a monthly levy quota of 20%, under which sugar is given to the government for public distribution system (PDS). This could be a possible area where decontrol will take place. The government might also do away with decisions on import and export and specifying the distance between two mills. However, it is highly uncertain whether this will actually fructify into some concrete steps being taken. Sugar is a highly politically sensitive commodity. The Government has tried deregulating the sector in the past only to retreat and go back to the controls. If the deregulation does go through, it will act as a major growth driver for the sugar industry and Shree Renuka Sugars, in particular<\/p>\n<p style=\"text-align: justify;\"><span style=\"text-decoration: underline;\"><strong>Increased debt levels on a consolidated basis, a concern<\/strong><\/span><\/p>\n<p style=\"text-align: justify;\">SRSL has assumed around USD 1 bn of debt in the acquisitions of VDI and Equipav in Brazil. Hence, the debt levels of the company are expected to go up on a consolidated basis. It has re-negotiated the debt payment terms with the respective lenders and has got a 3 year moratorium for repayment of debt for both these acquisitions. This gives SRSL sufficient breathing space in the short term. However, over the long term, the high debt levels could pose a problem for the company, if it fails to make the most from these acquisitions.<\/p>\n<p style=\"text-align: justify;\">However, Shree Renuka has a past record of acquiring distressed companies and turning them around.<br \/>\nThus, considering Shree Renuka\u2019s unique and de-risked business model, increased capacities and strategic acquisitions in Brazil, we can say that the long term future prospects of the company are<strong> <span style=\"color: #00cc33;\">Green (Very Good) <\/span><\/strong><\/p>\n<h2>Conclusion:<\/h2>\n<p style=\"text-align: justify;\"><strong>Shree Renuka\u2019s unique and de-risked business model has made it one of the most innovative and efficient sugar producers in the country. It is now looking to establish a global footprint through acquisitions in Brazil. Looking at its history of buying troubled companies and turning them around, the company is expected to make the most of these acquisitions and emerge as a global leader in the future<\/strong>.<\/p>\n<p>If you liked what you read and would like to put it in to practice <a href=\"https:\/\/www.moneyworks4me.com\/registration\/\">Register at MoneyWorks4me.com<\/a>. You will get amazing FREE features that will enable you to invest in Stocks and Mutual Funds the right way.<img decoding=\"async\" loading=\"lazy\" class=\"aligncenter size-full wp-image-2072\" title=\"Shree Renuka Sugars style_1\" src=\"https:\/\/www.moneyworks4me.com\/investmentshastra\/wp-content\/uploads\/2010\/07\/Shree-Renuka-Sugars-style_1.png\" alt=\"\" width=\"650\" height=\"220\" srcset=\"https:\/\/www.moneyworks4me.com\/investmentshastra\/wp-content\/uploads\/2010\/07\/Shree-Renuka-Sugars-style_1.png 650w, https:\/\/www.moneyworks4me.com\/investmentshastra\/wp-content\/uploads\/2010\/07\/Shree-Renuka-Sugars-style_1-300x101.png 300w\" sizes=\"(max-width: 650px) 100vw, 650px\"><\/p>\n<hr \/>\n<p><a href=\"https:\/\/www.moneyworks4me.com\/\"><img decoding=\"async\" style=\"float: left; height: 100px; padding-right: 16px; margin-left: 40px;\" src=\"https:\/\/www.moneyworks4me.com\/investmentshastra\/wp-content\/uploads\/2018\/05\/mw4me-logo.png\" alt=\"\" title=\"\"> <\/a> <a class=\"hide-mobile\" href=\"https:\/\/t.me\/mw4me\" target=\"_blank\" rel=\"noopener\"><img decoding=\"async\" style=\"float: left; height: 100px; padding-right: 16px;\" src=\"https:\/\/www.moneyworks4me.com\/investmentshastra\/wp-content\/uploads\/2018\/05\/investments-shastra-blog.png\" alt=\"\" title=\"\"> <\/a><\/p>\n<div class=\"hide-mobile\" style=\"height: 100px; padding-top: 15px;\"><strong style=\"font-size: 15px; color: #32aadf;\">Join our Telegram Channel:<\/strong><br \/>\n<a style=\"text-decoration: underline; font-size: 14px;\" href=\"https:\/\/t.me\/fundamentalstockinvesting\">Stock Investing<\/a><br \/>\n<a style=\"text-decoration: underline; font-size: 14px;\" href=\"https:\/\/t.me\/mutualfundinvesting\">Mutual Fund Investing<\/a><\/div>\n<div class=\"hide-desktop\" style=\"float: left; width: 100%; text-align: center; padding-bottom: 15px;\"><a href=\"https:\/\/t.me\/mw4me\" target=\"_blank\" rel=\"noopener\"><img decoding=\"async\" style=\"height: 100px;\" src=\"https:\/\/www.moneyworks4me.com\/investmentshastra\/wp-content\/uploads\/2018\/05\/investments-shastra-blog.png\" alt=\"\" title=\"\"><\/a><br \/>\n<strong style=\"font-size: 15px; color: #32aadf;\">Join our Telegram Channel:<\/strong><br \/>\n<a style=\"text-decoration: underline; font-size: 14px;\" href=\"https:\/\/t.me\/fundamentalstockinvesting\">Stock Investing<\/a><br \/>\n<a style=\"text-decoration: underline; font-size: 14px;\" href=\"https:\/\/t.me\/mutualfundinvesting\">Mutual Fund Investing<\/a><\/div>\n<div style=\"text-align: center;\">\n<p><span style=\"color: #0070c0;\"><b>Need help on Investing? And more<\/b><b>\u2026.<\/b><b>Puchho<\/b> <b>Befikar<\/b><\/span><\/p>\n<div class=\"puchhoBefikarIcon\"><img decoding=\"async\" loading=\"lazy\" class=\"\" src=\"https:\/\/www.moneyworks4me.com\/investmentshastra\/wp-content\/uploads\/2018\/05\/puchho-befikar-logo.png\" width=\"59\" height=\"46\" alt=\"\" title=\"\"><\/div>\n<p><b><i>Kyunki<\/i><\/b> <b><i>yeh<\/i><\/b> <b><i>paise<\/i><\/b> <b><i>ka<\/i><\/b> <b><i>mamala<\/i><\/b> <b><i>hai<br \/>\n<\/i><\/b><a href=\"https:\/\/www.moneyworks4me.com\/\" target=\"_blank\" rel=\"noopener\">Start Chat<\/a> | <a href=\"https:\/\/www.moneyworks4me.com\/\" target=\"_blank\" rel=\"noopener\">Request a Callback<\/a> | Call 020 6725 8333 | <a href=\"https:\/\/api.whatsapp.com\/send?phone=918055769463&amp;text=Need%20any%20help?\" target=\"_blank\" rel=\"noopener\">WhatsApp 8055769463<\/a><\/p>\n<\/div>\n","protected":false},"excerpt":{"rendered":"<p>Shree Renuka Sugars Ltd.- Is it a sweet deal for the future? Shree Renuka\u2019s 10 YEAR X-RAY: Green (Very Good)* *Shree Renuka Sugars has a debt of around Rs. 1300 Cr. on a standalone basis for SY 2008-09 (SY- Sugar Year i.e October to September) . The high debt is on account of capital expansion [&hellip;]<\/p>\n","protected":false},"author":15,"featured_media":0,"parent":0,"menu_order":0,"comment_status":"closed","ping_status":"open","template":"","meta":{"_lmt_disableupdate":"","_lmt_disable":"","footnotes":""},"_links":{"self":[{"href":"https:\/\/www.moneyworks4me.com\/investmentshastra\/wp-json\/wp\/v2\/pages\/2063"}],"collection":[{"href":"https:\/\/www.moneyworks4me.com\/investmentshastra\/wp-json\/wp\/v2\/pages"}],"about":[{"href":"https:\/\/www.moneyworks4me.com\/investmentshastra\/wp-json\/wp\/v2\/types\/page"}],"author":[{"embeddable":true,"href":"https:\/\/www.moneyworks4me.com\/investmentshastra\/wp-json\/wp\/v2\/users\/15"}],"replies":[{"embeddable":true,"href":"https:\/\/www.moneyworks4me.com\/investmentshastra\/wp-json\/wp\/v2\/comments?post=2063"}],"version-history":[{"count":0,"href":"https:\/\/www.moneyworks4me.com\/investmentshastra\/wp-json\/wp\/v2\/pages\/2063\/revisions"}],"wp:attachment":[{"href":"https:\/\/www.moneyworks4me.com\/investmentshastra\/wp-json\/wp\/v2\/media?parent=2063"}],"curies":[{"name":"wp","href":"https:\/\/api.w.org\/{rel}","templated":true}]}}